{"id":3991,"date":"2022-09-17T18:43:54","date_gmt":"2022-09-17T18:43:54","guid":{"rendered":"https:\/\/www.broeggli-gugger.ch\/?page_id=3991"},"modified":"2022-09-17T19:53:52","modified_gmt":"2022-09-17T19:53:52","slug":"impressum","status":"publish","type":"page","link":"https:\/\/www.broeggli-gugger.ch\/index.php\/impressum\/","title":{"rendered":"Impressum"},"content":{"rendered":"\t\t<div data-elementor-type=\"wp-post\" data-elementor-id=\"3991\" class=\"elementor elementor-3991\">\n\t\t\t\t\t\t<section class=\"elementor-section elementor-top-section elementor-element elementor-element-689a953 elementor-section-boxed elementor-section-height-default elementor-section-height-default\" data-id=\"689a953\" data-element_type=\"section\" data-settings=\"{&quot;background_background&quot;:&quot;classic&quot;}\">\n\t\t\t\t\t\t\t<div class=\"elementor-background-overlay\"><\/div>\n\t\t\t\t\t\t\t<div class=\"elementor-container elementor-column-gap-default\">\n\t\t\t\t\t<div class=\"elementor-column elementor-col-100 elementor-top-column elementor-element elementor-element-2f6634b\" data-id=\"2f6634b\" data-element_type=\"column\">\n\t\t\t<div class=\"elementor-widget-wrap elementor-element-populated\">\n\t\t\t\t\t\t<div class=\"elementor-element elementor-element-a1fb1fc elementor-widget elementor-widget-text-editor\" data-id=\"a1fb1fc\" data-element_type=\"widget\" data-widget_type=\"text-editor.default\">\n\t\t\t\t<div class=\"elementor-widget-container\">\n\t\t\t\t\t\t\t\t\t<p>Impressum<\/p>\t\t\t\t\t\t\t\t<\/div>\n\t\t\t\t<\/div>\n\t\t\t\t<section class=\"elementor-section elementor-inner-section elementor-element elementor-element-afdcefd elementor-section-boxed elementor-section-height-default elementor-section-height-default\" data-id=\"afdcefd\" data-element_type=\"section\">\n\t\t\t\t\t\t<div class=\"elementor-container elementor-column-gap-default\">\n\t\t\t\t\t<div class=\"elementor-column elementor-col-50 elementor-inner-column elementor-element elementor-element-ee088ad\" data-id=\"ee088ad\" data-element_type=\"column\">\n\t\t\t<div class=\"elementor-widget-wrap elementor-element-populated\">\n\t\t\t\t\t\t<div class=\"elementor-element elementor-element-ac9fe9c elementor-widget elementor-widget-text-editor\" data-id=\"ac9fe9c\" data-element_type=\"widget\" data-widget_type=\"text-editor.default\">\n\t\t\t\t<div class=\"elementor-widget-container\">\n\t\t\t\t\t\t\t\t\t<h4>Kontakt-Adresse<\/h4><p>Br\u00f6ggli Gugger Urn\u00e4sch<br \/>CH-9107 Urn\u00e4sch<br \/><span style=\"color: var( --e-global-color-text ); font-family: var( --e-global-typography-4c1e04c-font-family ), Sans-serif; font-size: var( --e-global-typography-4c1e04c-font-size ); font-weight: var( --e-global-typography-4c1e04c-font-weight ); letter-spacing: var( --e-global-typography-4c1e04c-letter-spacing ); word-spacing: var( --e-global-typography-4c1e04c-word-spacing ); background-color: var( --e-global-color-49ed062 );\">praesident@broeggli-gugger.ch<\/span><\/p><h4><strong><i>Vertretungsberechtigte Person(en)<\/i><\/strong><\/h4><p>Pr\u00e4sident Philipp Kn\u00f6pfel<\/p><h4><strong style=\"letter-spacing: var( --e-global-typography-4c1e04c-letter-spacing ); word-spacing: var( --e-global-typography-4c1e04c-word-spacing ); background-color: var( --e-global-color-49ed062 );\"><i>Haftungsausschluss<\/i><\/strong><\/h4><p>Der Autor \u00fcbernimmt keinerlei Gew\u00e4hr hinsichtlich der inhaltlichen Richtigkeit, Genauigkeit, Aktualit\u00e4t, Zuverl\u00e4ssigkeit und Vollst\u00e4ndigkeit der Informationen.<\/p><p>Haftungsanspr\u00fcche gegen den Autor wegen Sch\u00e4den materieller oder immaterieller Art, welche aus dem Zugriff oder der Nutzung bzw. Nichtnutzung der ver\u00f6ffentlichten Informationen, durch Missbrauch der Verbindung oder durch technische St\u00f6rungen entstanden sind, werden ausgeschlossen.<\/p><p>Alle Angebote sind unverbindlich. Der Autor beh\u00e4lt es sich ausdr\u00fccklich vor, Teile der Seiten oder das gesamte Angebot ohne besondere Ank\u00fcndigung zu ver\u00e4ndern, zu erg\u00e4nzen, zu l\u00f6schen oder die Ver\u00f6ffentlichung zeitweise oder endg\u00fcltig einzustellen.<\/p>\t\t\t\t\t\t\t\t<\/div>\n\t\t\t\t<\/div>\n\t\t\t\t\t<\/div>\n\t\t<\/div>\n\t\t\t\t<div class=\"elementor-column elementor-col-50 elementor-inner-column elementor-element elementor-element-6b00f4d elementor-hidden-mobile\" data-id=\"6b00f4d\" data-element_type=\"column\">\n\t\t\t<div class=\"elementor-widget-wrap elementor-element-populated\">\n\t\t\t\t\t\t<div class=\"elementor-element elementor-element-26b5747 elementor-widget elementor-widget-text-editor\" data-id=\"26b5747\" data-element_type=\"widget\" data-widget_type=\"text-editor.default\">\n\t\t\t\t<div class=\"elementor-widget-container\">\n\t\t\t\t\t\t\t\t\t<h4>&nbsp;<strong style=\"letter-spacing: var( --e-global-typography-4c1e04c-letter-spacing ); word-spacing: var( --e-global-typography-4c1e04c-word-spacing ); background-color: var( --e-global-color-49ed062 );\"><i>Haftungsausschluss f\u00fcr Links<\/i><\/strong><\/h4>\n<p>Verweise und Links auf Webseiten Dritter liegen ausserhalb unseres Verantwortungsbereichs. Es wird jegliche Verantwortung f\u00fcr solche Webseiten abgelehnt. Der Zugriff und die Nutzung solcher Webseiten erfolgen auf eigene Gefahr des jeweiligen Nutzers.<\/p>\n<p><\/p>\n<h4><strong><i>Urheberrechte<\/i><\/strong><\/h4>\n<p>Die Urheber- und alle anderen Rechte an Inhalten, Bildern, Fotos oder anderen Dateien auf dieser Website, geh\u00f6ren ausschliesslich <strong>der juristischen Person Br\u00f6ggli Gugger Urn\u00e4sch<\/strong> oder den speziell genannten Rechteinhabern. F\u00fcr die Reproduktion jeglicher Elemente ist die schriftliche Zustimmung des Urheberrechtstr\u00e4gers im Voraus einzuholen.<\/p>\n<p><\/p>\n<p><br><\/p><p><!--ACHTUNG: Wenn Sie die Quelle ohne Erlaubnis von SwissAnwalt entfernen, dann begehen Sie eine Urheberrechtsverletzung welche in jedem Fall geahndet wird.-->Quelle: <a href=\"https:\/\/www.swissanwalt.ch\" target=\"_blank\" rel=\"noopener\">SwissAnwalt<\/a><\/p>\t\t\t\t\t\t\t\t<\/div>\n\t\t\t\t<\/div>\n\t\t\t\t\t<\/div>\n\t\t<\/div>\n\t\t\t\t\t<\/div>\n\t\t<\/section>\n\t\t\t\t\t<\/div>\n\t\t<\/div>\n\t\t\t\t\t<\/div>\n\t\t<\/section>\n\t\t\t\t<\/div>\n\t\t","protected":false},"excerpt":{"rendered":"<div class=\"tmnf_excerpt\"><p>Impressum Kontakt-Adresse Br\u00f6ggli Gugger Urn\u00e4schCH-9107 Urn\u00e4schpraesident@broeggli-gugger.ch Vertretungsberechtigte Person(en) Pr\u00e4sident Philipp Kn\u00f6pfel Haftungsausschluss Der Autor \u00fcbernimmt keinerlei Gew\u00e4hr hinsichtlich der inhaltlichen Richtigkeit, Genauigkeit, Aktualit\u00e4t, Zuverl\u00e4ssigkeit und &hellip;<\/p>\n<\/div>","protected":false},"author":1,"featured_media":0,"parent":0,"menu_order":0,"comment_status":"closed","ping_status":"closed","template":"elementor_header_footer","meta":{"_monsterinsights_skip_tracking":false,"_monsterinsights_sitenote_active":false,"_monsterinsights_sitenote_note":"","_monsterinsights_sitenote_category":0,"footnotes":""},"aioseo_notices":[],"_links":{"self":[{"href":"https:\/\/www.broeggli-gugger.ch\/index.php\/wp-json\/wp\/v2\/pages\/3991"}],"collection":[{"href":"https:\/\/www.broeggli-gugger.ch\/index.php\/wp-json\/wp\/v2\/pages"}],"about":[{"href":"https:\/\/www.broeggli-gugger.ch\/index.php\/wp-json\/wp\/v2\/types\/page"}],"author":[{"embeddable":true,"href":"https:\/\/www.broeggli-gugger.ch\/index.php\/wp-json\/wp\/v2\/users\/1"}],"replies":[{"embeddable":true,"href":"https:\/\/www.broeggli-gugger.ch\/index.php\/wp-json\/wp\/v2\/comments?post=3991"}],"version-history":[{"count":18,"href":"https:\/\/www.broeggli-gugger.ch\/index.php\/wp-json\/wp\/v2\/pages\/3991\/revisions"}],"predecessor-version":[{"id":4037,"href":"https:\/\/www.broeggli-gugger.ch\/index.php\/wp-json\/wp\/v2\/pages\/3991\/revisions\/4037"}],"wp:attachment":[{"href":"https:\/\/www.broeggli-gugger.ch\/index.php\/wp-json\/wp\/v2\/media?parent=3991"}],"curies":[{"name":"wp","href":"https:\/\/api.w.org\/{rel}","templated":true}]}}